{"id":214,"date":"2025-12-18T14:59:45","date_gmt":"2025-12-18T14:59:45","guid":{"rendered":"https:\/\/weissetraube-restaurant.it\/?page_id=214"},"modified":"2026-02-04T10:55:23","modified_gmt":"2026-02-04T10:55:23","slug":"home","status":"publish","type":"page","link":"https:\/\/weissetraube-restaurant.it\/de\/","title":{"rendered":"Home"},"content":{"rendered":"<div class=\"lazyblock-hero-ZLCbx6 wp-block-lazyblock-hero\">\n<section id=\"hero\" class=\"home wrapper-x box-content\">\n    <figure class=\"zoom\">\n                                    <img decoding=\"async\" class=\"cover\" height=\"100%\" width=\"100%\" src=\"https:\/\/weissetraube-restaurant.it\/wp-content\/uploads\/2025\/12\/tree.jpg\" alt=\"\">\n                                <\/figure>\n\n    <div class=\"hero-txt wrapper\">\n        \n        <article class=\"px from from-bottom\">\n            <i class=\"wave\" aria-hidden=\"true\"><\/i>\n\n            <h1> Eine stille Flucht voller Genuss im Herzen von Bozen<span class=\"bubble\"\n                    aria-hidden=\"true\"><\/span>\n            <\/h1>\n            <i class=\"wave\" aria-hidden=\"true\"><\/i>\n        <\/article>\n    <\/div>\n\n    <!-- CTA desktop -->\n            <a class=\"hover-btn d-md-none\" href=\"\/de\/prenota\/\">\n            <small class=\"bg-ghost\">buchen<\/small>\n            <span class=\"bg-ghost\">\n                <i class=\"arrow\" aria-hidden=\"true\"><\/i>\n            <\/span>\n        <\/a>\n    \n    <!-- CTA mobile -->\n            <a class=\"cta d-lg-none\" href=\"\/de\/prenota\/\">buchen<\/a>\n    \n<\/section><\/div>\n\n<div class=\"lazyblock-columns-article-1Hw119 wp-block-lazyblock-columns-article\">\n<section id=\"focus\" class=\"wrapper-x box-content\">\n    <div class=\"focus-wrap\">\n        <div class=\"wrapper\">\n            <h2 class=\"from from-bottom\">Ein Men\u00fc, das die Region feiert.<span class=\"bubble\" aria-hidden=\"true\"><\/span><\/h2>\n        <\/div>\n        <article>\n            <div class=\"focus-txt paragraph\">\n                <strong>WEISSE TRAUBE<\/strong>\n                <h3>Inmitten der geheimen Innenh\u00f6fe der Via Museo in Bozen verbirgt sich ein gastronomisches Juwel.<\/h3>\n                <p>Eine Flucht aus der Hektik der Stadt, wo der L\u00e4rm der Stadt nachl\u00e4sst und Raum f\u00fcr Genuss und Ruhe l\u00e4sst.<\/p>\n            <\/div>\n                            <img decoding=\"async\" loading=\"lazy\" class=\"cover\" height=\"190px\" width=\"100%\" src=\"https:\/\/weissetraube-restaurant.it\/wp-content\/uploads\/2025\/12\/corridoio.jpg\"\n                    alt=\"\">\n            \n            <span class=\"bubble d-xs-none\" aria-hidden=\"true\"><\/span>\n        <\/article>\n    <\/div>\n<\/section><\/div>\n\n<div class=\"lazyblock-image-article-OTvHO wp-block-lazyblock-image-article\">\n<section id=\"sticky\" class=\"box-full wrapper-x\">\n    <figure class=\"sticky-wrap\">\n        <article class=\"sticky-txt paragraph\">\n            <strong>KULINARISCHE TRADITION<\/strong>\n            <h3>Eine Reise durch authentische Geschmacksrichtungen.<\/h3>\n            <p>Die Verbindung zwischen italienischer Leidenschaft und S\u00fcdtiroler Tradition, in einer Mischung aus Geschmack und Ruhe.<\/p>\n            <!-- CTA mobile -->\n                            <a class=\"cta d-lg-none\" href=\"\/de\/menu\/\">\n                    Scopri il menu                <\/a>\n            \n        <\/article>\n        <img decoding=\"async\" loading=\"lazy\" class=\"cover\" height=\"100%\" width=\"100%\" src=\"\/wp-content\/themes\/weissetraube\/media\/img\/salmone.png\" alt=\"\">\n\n                    <a class=\"hover-btn d-md-none\" aria-hidden=\"true\" href=\"\/de\/menu\/\">\n                <small class=\"bg-ghost\">Men\u00fc<\/small>\n                <span class=\"bg-ghost\">\n                    <i class=\"arrow\" aria-hidden=\"true\"><\/i>\n                <\/span>\n            <\/a>\n        \n\n\n    <\/figure>\n\n    <!-- CTA desktop -->\n    <!-- <a class=\"sticky-overlay\" href=\".\/menu.html\">\n        <p class=\"d-none\">Scopri il menu<\/p>\n    <\/a> -->\n<\/section><\/div>\n\n<div class=\"lazyblock-dual-articles-Z1pfbaX wp-block-lazyblock-dual-articles\"><section id=\"dual\" class=\"box-content\">\n    <div class=\"dual-wrap\">\n        <article id=\"dual-left\" class=\"dual-txt\">\n            <div class=\"paragraph\">\n                <strong>\u00dcBER UNS<\/strong>\n                <h3>Wir sind ein Team von Enthusiasten, die an die K\u00fcche als Kunstform und Geselligkeit glauben.<\/h3>\n                <p>Jeden Tag bringen wir Tradition und Kreativit\u00e4t auf den Tisch und interpretieren lokale Rezepte mit einer pers\u00f6nlichen Note neu. Geleitet von der Philosophie, dass \u201edas Leben eine Kombination aus Pasta und Magie ist\u201c, verbinden wir Erfahrung, Liebe zum Detail und echte Gastfreundschaft, um unvergessliche Momente zu bieten.<\/p>\n            <\/div>\n            <figure>\n                                    <img decoding=\"async\" loading=\"lazy\" class=\"cover\" height=\"100%\" width=\"100%\" src=\"https:\/\/weissetraube-restaurant.it\/wp-content\/uploads\/2025\/12\/kitchen.jpg\"\n                        alt=\"\">\n                            <\/figure>\n        <\/article>\n        <article id=\"dual-right\" class=\"dual-txt\">\n            <figure>\n                                    <img decoding=\"async\" loading=\"lazy\" class=\"cover\" height=\"100%\" width=\"100%\" src=\"https:\/\/weissetraube-restaurant.it\/wp-content\/uploads\/2025\/12\/pasta_sarde.jpg\"\n                        alt=\"\">\n                \n            <\/figure>\n            <div class=\"paragraph\">\n                <strong>UNSER ANGEBOT<\/strong>\n                <h3>Eine Auswahl typischer S\u00fcdtiroler und italienischer Gerichte: Qualit\u00e4t und authentischer Geschmack.<\/h3>\n                <p>Wir bieten Kn\u00f6del, Risotto, Fleischgerichte, klassische und Gourmet-Pizzen, Salate, K\u00e4se- und Speckvorspeisen: Jedes Gericht entsteht aus dem Wunsch heraus, die lokale Tradition zu w\u00fcrdigen und Ihnen stets etwas Neues und \u00dcberraschendes zu bieten, ohne dabei den authentischen Geschmack und die Saisonabh\u00e4ngigkeit aus den Augen zu verlieren.<\/p>\n            <\/div>\n        <\/article>\n    <\/div>\n<\/section><\/div>\n\n<div class=\"lazyblock-book-Z11Y39G wp-block-lazyblock-book\"><section id=\"book\" class=\"box-full\">\n    <div class=\"book-wrap\">\n        <article class=\"book-txt paragraph bg-ghost\">\n            <strong>UNSER ANGEBOT<\/strong>\n            <h3>Eine Auswahl typischer S\u00fcdtiroler und italienischer Gerichte: Qualit\u00e4t und authentischer Geschmack.<\/h3>\n\n            <div class=\"book-info\">\n                                <p>Aperti tutti i giorni 11:30-15:00 \/ 18:00-22:30 Mercoled\u00ec chiuso (chiuso per ferie dal 2 all&#039;11 Febbraio)<\/p>\n                <p class=\"tfx-block-h\">\n                    <a class=\"subline-h\" href=\"https:\/\/maps.app.goo.gl\/hw5tkvqzBNMx4Pk98\">\n                        Via Museo 19 \u2013 39100, Bozen, Italien                    <\/a>\n\n                <\/p>\n                <!-- CTA mobile -->\n                                    <a class=\"cta d-lg-none\" href=\"\/de\/prenota\/\">\n                        Prenota un tavolo                    <\/a>\n                \n            <\/div>\n        <\/article>\n    <\/div>\n\n            <a href=\"\/de\/prenota\/\" class=\"hover-btn d-md-none\" aria-hidden=\"true\">\n            <small class=\"bg-ghost\">Buchen<\/small>\n            <span class=\"bg-ghost\">\n                <i class=\"arrow\" aria-hidden=\"true\"><\/i>\n            <\/span>\n        <\/a>\n    \n    <!-- CTA desktop -->\n    <!-- <a class=\"book-overlay d-md-none\" href=\".\/prenota.html\">\n        <p class=\"d-none\">prenota<\/p>\n    <\/a> -->\n\n            <img decoding=\"async\" loading=\"lazy\" class=\"cover\" height=\"100%\" width=\"100%\" src=\"https:\/\/weissetraube-restaurant.it\/wp-content\/uploads\/2025\/12\/garden.jpg\"\n            alt=\"\">\n    \n<\/section><\/div>","protected":false},"excerpt":{"rendered":"","protected":false},"author":2,"featured_media":0,"parent":0,"menu_order":0,"comment_status":"closed","ping_status":"closed","template":"","meta":{"inline_featured_image":false,"footnotes":""},"class_list":["post-214","page","type-page","status-publish","hentry"],"acf":[],"yoast_head":"<!-- This site is optimized with the Yoast SEO plugin v22.9 - https:\/\/yoast.com\/wordpress\/plugins\/seo\/ -->\n<title>Home - Weissetraube Restaurant<\/title>\n<meta name=\"robots\" content=\"index, follow, max-snippet:-1, max-image-preview:large, max-video-preview:-1\" \/>\n<link rel=\"canonical\" href=\"https:\/\/weissetraube-restaurant.it\/de\/\" \/>\n<meta property=\"og:locale\" content=\"de_DE\" \/>\n<meta property=\"og:type\" content=\"article\" \/>\n<meta property=\"og:title\" content=\"Home - Weissetraube Restaurant\" \/>\n<meta property=\"og:url\" content=\"https:\/\/weissetraube-restaurant.it\/de\/\" \/>\n<meta property=\"og:site_name\" content=\"Weissetraube Restaurant\" \/>\n<meta property=\"article:modified_time\" content=\"2026-02-04T10:55:23+00:00\" \/>\n<meta name=\"twitter:card\" content=\"summary_large_image\" \/>\n<script type=\"application\/ld+json\" class=\"yoast-schema-graph\">{\"@context\":\"https:\/\/schema.org\",\"@graph\":[{\"@type\":\"WebPage\",\"@id\":\"https:\/\/weissetraube-restaurant.it\/\",\"url\":\"https:\/\/weissetraube-restaurant.it\/\",\"name\":\"Home - Weissetraube Restaurant\",\"isPartOf\":{\"@id\":\"https:\/\/weissetraube-restaurant.it\/#website\"},\"datePublished\":\"2025-12-18T14:59:45+00:00\",\"dateModified\":\"2026-02-04T10:55:23+00:00\",\"breadcrumb\":{\"@id\":\"https:\/\/weissetraube-restaurant.it\/#breadcrumb\"},\"inLanguage\":\"de\",\"potentialAction\":[{\"@type\":\"ReadAction\",\"target\":[\"https:\/\/weissetraube-restaurant.it\/\"]}]},{\"@type\":\"BreadcrumbList\",\"@id\":\"https:\/\/weissetraube-restaurant.it\/#breadcrumb\",\"itemListElement\":[{\"@type\":\"ListItem\",\"position\":1,\"name\":\"Home\",\"item\":\"https:\/\/weissetraube-restaurant.it\/\"},{\"@type\":\"ListItem\",\"position\":2,\"name\":\"Home\"}]},{\"@type\":\"WebSite\",\"@id\":\"https:\/\/weissetraube-restaurant.it\/#website\",\"url\":\"https:\/\/weissetraube-restaurant.it\/\",\"name\":\"weissetraube.colladevelop.com\",\"description\":\"\",\"publisher\":{\"@id\":\"https:\/\/weissetraube-restaurant.it\/#organization\"},\"potentialAction\":[{\"@type\":\"SearchAction\",\"target\":{\"@type\":\"EntryPoint\",\"urlTemplate\":\"https:\/\/weissetraube-restaurant.it\/?s={search_term_string}\"},\"query-input\":\"required name=search_term_string\"}],\"inLanguage\":\"de\"},{\"@type\":\"Organization\",\"@id\":\"https:\/\/weissetraube-restaurant.it\/#organization\",\"name\":\"weissetraube.colladevelop.com\",\"url\":\"https:\/\/weissetraube-restaurant.it\/\",\"logo\":{\"@type\":\"ImageObject\",\"inLanguage\":\"de\",\"@id\":\"https:\/\/weissetraube-restaurant.it\/#\/schema\/logo\/image\/\",\"url\":\"https:\/\/weissetraube-restaurant.it\/wp-content\/uploads\/2025\/12\/logo_Weisstraube-1.svg\",\"contentUrl\":\"https:\/\/weissetraube-restaurant.it\/wp-content\/uploads\/2025\/12\/logo_Weisstraube-1.svg\",\"caption\":\"weissetraube.colladevelop.com\"},\"image\":{\"@id\":\"https:\/\/weissetraube-restaurant.it\/#\/schema\/logo\/image\/\"}}]}<\/script>\n<!-- \/ Yoast SEO plugin. -->","yoast_head_json":{"title":"Home - Weissetraube Restaurant","robots":{"index":"index","follow":"follow","max-snippet":"max-snippet:-1","max-image-preview":"max-image-preview:large","max-video-preview":"max-video-preview:-1"},"canonical":"https:\/\/weissetraube-restaurant.it\/de\/","og_locale":"de_DE","og_type":"article","og_title":"Home - Weissetraube Restaurant","og_url":"https:\/\/weissetraube-restaurant.it\/de\/","og_site_name":"Weissetraube Restaurant","article_modified_time":"2026-02-04T10:55:23+00:00","twitter_card":"summary_large_image","schema":{"@context":"https:\/\/schema.org","@graph":[{"@type":"WebPage","@id":"https:\/\/weissetraube-restaurant.it\/","url":"https:\/\/weissetraube-restaurant.it\/","name":"Home - Weissetraube Restaurant","isPartOf":{"@id":"https:\/\/weissetraube-restaurant.it\/#website"},"datePublished":"2025-12-18T14:59:45+00:00","dateModified":"2026-02-04T10:55:23+00:00","breadcrumb":{"@id":"https:\/\/weissetraube-restaurant.it\/#breadcrumb"},"inLanguage":"de","potentialAction":[{"@type":"ReadAction","target":["https:\/\/weissetraube-restaurant.it\/"]}]},{"@type":"BreadcrumbList","@id":"https:\/\/weissetraube-restaurant.it\/#breadcrumb","itemListElement":[{"@type":"ListItem","position":1,"name":"Home","item":"https:\/\/weissetraube-restaurant.it\/"},{"@type":"ListItem","position":2,"name":"Home"}]},{"@type":"WebSite","@id":"https:\/\/weissetraube-restaurant.it\/#website","url":"https:\/\/weissetraube-restaurant.it\/","name":"weissetraube.colladevelop.com","description":"","publisher":{"@id":"https:\/\/weissetraube-restaurant.it\/#organization"},"potentialAction":[{"@type":"SearchAction","target":{"@type":"EntryPoint","urlTemplate":"https:\/\/weissetraube-restaurant.it\/?s={search_term_string}"},"query-input":"required name=search_term_string"}],"inLanguage":"de"},{"@type":"Organization","@id":"https:\/\/weissetraube-restaurant.it\/#organization","name":"weissetraube.colladevelop.com","url":"https:\/\/weissetraube-restaurant.it\/","logo":{"@type":"ImageObject","inLanguage":"de","@id":"https:\/\/weissetraube-restaurant.it\/#\/schema\/logo\/image\/","url":"https:\/\/weissetraube-restaurant.it\/wp-content\/uploads\/2025\/12\/logo_Weisstraube-1.svg","contentUrl":"https:\/\/weissetraube-restaurant.it\/wp-content\/uploads\/2025\/12\/logo_Weisstraube-1.svg","caption":"weissetraube.colladevelop.com"},"image":{"@id":"https:\/\/weissetraube-restaurant.it\/#\/schema\/logo\/image\/"}}]}},"_links":{"self":[{"href":"https:\/\/weissetraube-restaurant.it\/de\/wp-json\/wp\/v2\/pages\/214","targetHints":{"allow":["GET"]}}],"collection":[{"href":"https:\/\/weissetraube-restaurant.it\/de\/wp-json\/wp\/v2\/pages"}],"about":[{"href":"https:\/\/weissetraube-restaurant.it\/de\/wp-json\/wp\/v2\/types\/page"}],"author":[{"embeddable":true,"href":"https:\/\/weissetraube-restaurant.it\/de\/wp-json\/wp\/v2\/users\/2"}],"replies":[{"embeddable":true,"href":"https:\/\/weissetraube-restaurant.it\/de\/wp-json\/wp\/v2\/comments?post=214"}],"version-history":[{"count":8,"href":"https:\/\/weissetraube-restaurant.it\/de\/wp-json\/wp\/v2\/pages\/214\/revisions"}],"predecessor-version":[{"id":351,"href":"https:\/\/weissetraube-restaurant.it\/de\/wp-json\/wp\/v2\/pages\/214\/revisions\/351"}],"wp:attachment":[{"href":"https:\/\/weissetraube-restaurant.it\/de\/wp-json\/wp\/v2\/media?parent=214"}],"curies":[{"name":"wp","href":"https:\/\/api.w.org\/{rel}","templated":true}]}}